{"id":135,"date":"2018-10-06T10:12:58","date_gmt":"2018-10-06T10:12:58","guid":{"rendered":"http:\/\/drachenfest-hevensen.de\/?page_id=135"},"modified":"2018-10-07T05:04:08","modified_gmt":"2018-10-07T05:04:08","slug":"wir-sagen-danke","status":"publish","type":"page","link":"http:\/\/drachenfest-hevensen.de\/?page_id=135","title":{"rendered":"Wir sagen &#8222;Danke&#8220;!"},"content":{"rendered":"<p><span style=\"font-family: verdana, geneva, sans-serif; font-size: 12pt;\">Es war ein sch\u00f6nes Fest. Vor allem d\u00fcrfte es den vielen Kindern an diesem 3. Oktober viel Freude bereitet haben. Es ist lange her, dass so viele Besucher zum Hevenser Drachenfest kamen. So viele &#8222;Aktive&#8220; gab es lange nicht mehr. Bereits um 11.00 Uhr f\u00fcllte sich das Gel\u00e4nde. Zu dieser Zeit waren die vielen ehrenamtlichen Helferinnen und Helfer noch mit Aufbauarbeiten besch\u00e4ftigt. Schnell f\u00fcllte sich der Himmel mit kleinen und gro\u00dfen bunten Flugk\u00f6rpern, gesteuert von Klein und Gro\u00df. Das Wetter bot perfekte Bedingungen f\u00fcr dieses Fest.\u00a0<\/span><\/p>\n<p><a href=\"http:\/\/drachenfest-hevensen.de\/wp-content\/uploads\/2018\/10\/Fotos_Drachenfest.jpg\" rel=\"lightbox[135]\"><img decoding=\"async\" loading=\"lazy\" class=\"aligncenter size-full wp-image-138\" src=\"http:\/\/drachenfest-hevensen.de\/wp-content\/uploads\/2018\/10\/Fotos_Drachenfest.jpg\" alt=\"\" width=\"1000\" height=\"565\" srcset=\"http:\/\/drachenfest-hevensen.de\/wp-content\/uploads\/2018\/10\/Fotos_Drachenfest.jpg 1000w, http:\/\/drachenfest-hevensen.de\/wp-content\/uploads\/2018\/10\/Fotos_Drachenfest-300x170.jpg 300w, http:\/\/drachenfest-hevensen.de\/wp-content\/uploads\/2018\/10\/Fotos_Drachenfest-768x434.jpg 768w\" sizes=\"(max-width: 1000px) 100vw, 1000px\" \/><\/a><\/p>\n<p><span style=\"font-family: verdana, geneva, sans-serif;\">\u00dcber den Tag gerechnet m\u00f6gen es wohl an die 1000 G\u00e4ste gewesen sein. Es war den ganzen Tag was los auf dem 14.000 qm gro\u00dfen Flugfeld hinter dem Dorfgemeinschaftshaus. Neben dem Drachensteigen konnten die Kinder auch Ponyreiten (Reithof Korengel) oder sich \u00fcber die Jugendfeuerwehr informieren. Die Hevenser Nachwuchsfeuerwehr war mit ihrem Feuerwehrauto vor Ort. Das &#8222;Zirkuszelt&#8220; konnte diesmal leider nicht aufgestellt werden. Es hielt dem starken Winden am Morgen nicht stand, so dass Claudia Fitzenreiter-Denk ihr &#8222;Drachen basteln&#8220; in das Foyer des Dorfgemeinschaftshauses verlegen musste. Trotzdem nahmen sehr viele Kinder das Angebot an und bastelten flei\u00dfig. Der Verein f\u00fcr Hunde in Not e. V. beteiligte sich wieder mit einer Tombola und einem Crepes Stand am Fest. Die Veranstalter verpflegten die G\u00e4ste mit Pommes und Bratwurst, sowie mit Kaffee und hausgemachten Kuchen.\u00a0<\/span><\/p>\n<p><span style=\"font-size: 12pt; font-family: verdana, geneva, sans-serif;\">Gegen 18:00 Uhr ging die Veranstaltung langsam zu Ende. Die Helferinnen und Helfer bauten alles wieder ab und r\u00e4umten das Gel\u00e4nde auf. An dieser Stelle sei einmal erw\u00e4hnt, dass alle Unterst\u00fctzer ehrenamtlich geholfen haben. Wenn es dann bei Bratwurst oder Pommes mal l\u00e4nger dauert sollte man dies immer bedenken. Professionelle Anbieter k\u00f6nnen das schneller &#8211; aber auch zu h\u00f6heren Preisen. Wo wir gerade bei den Helferinnen und Helfern sind: Die SPD Hevensen als Veranstalter bedankt sich bei allen, die unser Traditionsfest aktiv unterst\u00fctzt haben. Ein Dank geht auch an alle, die uns mit einer Kuchenspende unterst\u00fctzt haben. Herzlichen Dank daf\u00fcr.\u00a0<\/span><\/p>\n","protected":false},"excerpt":{"rendered":"<p>Es war ein sch\u00f6nes Fest. Vor allem d\u00fcrfte es den vielen Kindern an diesem 3. Oktober viel Freude bereitet haben. Es ist lange her, dass so viele Besucher zum Hevenser Drachenfest kamen. So viele &#8222;Aktive&#8220; gab es lange nicht mehr. Bereits um 11.00 Uhr f\u00fcllte sich das Gel\u00e4nde. Zu dieser<\/p>\n","protected":false},"author":1,"featured_media":0,"parent":0,"menu_order":0,"comment_status":"closed","ping_status":"closed","template":"","meta":[],"_links":{"self":[{"href":"http:\/\/drachenfest-hevensen.de\/index.php?rest_route=\/wp\/v2\/pages\/135"}],"collection":[{"href":"http:\/\/drachenfest-hevensen.de\/index.php?rest_route=\/wp\/v2\/pages"}],"about":[{"href":"http:\/\/drachenfest-hevensen.de\/index.php?rest_route=\/wp\/v2\/types\/page"}],"author":[{"embeddable":true,"href":"http:\/\/drachenfest-hevensen.de\/index.php?rest_route=\/wp\/v2\/users\/1"}],"replies":[{"embeddable":true,"href":"http:\/\/drachenfest-hevensen.de\/index.php?rest_route=%2Fwp%2Fv2%2Fcomments&post=135"}],"version-history":[{"count":4,"href":"http:\/\/drachenfest-hevensen.de\/index.php?rest_route=\/wp\/v2\/pages\/135\/revisions"}],"predecessor-version":[{"id":145,"href":"http:\/\/drachenfest-hevensen.de\/index.php?rest_route=\/wp\/v2\/pages\/135\/revisions\/145"}],"wp:attachment":[{"href":"http:\/\/drachenfest-hevensen.de\/index.php?rest_route=%2Fwp%2Fv2%2Fmedia&parent=135"}],"curies":[{"name":"wp","href":"https:\/\/api.w.org\/{rel}","templated":true}]}}