{"id":165,"date":"2019-10-05T07:00:04","date_gmt":"2019-10-05T07:00:04","guid":{"rendered":"http:\/\/drachenfest-hevensen.de\/?page_id=165"},"modified":"2019-10-05T09:28:28","modified_gmt":"2019-10-05T09:28:28","slug":"wetterglueck-drachenfest-sehr-gut-besucht","status":"publish","type":"page","link":"http:\/\/drachenfest-hevensen.de\/?page_id=165","title":{"rendered":"&#8222;Wettergl\u00fcck&#8220; &#8211; Drachenfest sehr gut besucht!"},"content":{"rendered":"<p><a href=\"http:\/\/drachenfest-hevensen.de\/wp-content\/uploads\/2019\/10\/Roland05.jpg\" rel=\"lightbox[165]\"><img decoding=\"async\" loading=\"lazy\" class=\"aligncenter size-full wp-image-166\" src=\"http:\/\/drachenfest-hevensen.de\/wp-content\/uploads\/2019\/10\/Roland05.jpg\" alt=\"\" width=\"900\" height=\"600\" srcset=\"http:\/\/drachenfest-hevensen.de\/wp-content\/uploads\/2019\/10\/Roland05.jpg 900w, http:\/\/drachenfest-hevensen.de\/wp-content\/uploads\/2019\/10\/Roland05-300x200.jpg 300w, http:\/\/drachenfest-hevensen.de\/wp-content\/uploads\/2019\/10\/Roland05-768x512.jpg 768w\" sizes=\"(max-width: 900px) 100vw, 900px\" \/><\/a><\/p>\n<p><span style=\"font-family: verdana, geneva, sans-serif; font-size: 12pt;\">Zur Mittagszeit f\u00fcllte sich das Gel\u00e4nde hinter dem Gemeinschaftshaus und es waren viele Drachen am Himmel zu sehen. Auch wenn es diesmal weniger Gro\u00dfdrachen waren so war die Gesamtzahl doch beeindruckend. Es zeigte, dass vor allem Kinder mit ihren Drachen vertreten waren und diese entweder allein, oder mit den Eltern, aber mit gro\u00dfer Begeisterung gen Himmel brachten. Und das ist ja das Ziel des Events. Die Familien sollten im Mittelpunkt stehen.<\/span><\/p>\n<p><span style=\"font-family: verdana, geneva, sans-serif; font-size: 12pt;\">Auch am Rande der Drachenwiese gab es wieder einige Angebote f\u00fcr die Kleinen. Vorweg ein gro\u00dfes Dankesch\u00f6n an die <a href=\"https:\/\/www.facebook.com\/private.Kinderbetreuung.Tagesmutter\/?fref=mentions\">Kindertagespflege Hevenser R\u00e4uberbande<\/a> (Kinderbaustelle), <a href=\"https:\/\/www.facebook.com\/anne.kinderschminken\/\">Wichtel-Events<\/a> (Kinderschminken) und an den <a href=\"https:\/\/www.facebook.com\/ReithofKorengel\/?fref=mentions\">Reithof Korengel<\/a>. Auch der Verein\u00a0<a href=\"https:\/\/www.facebook.com\/Aktiv-f%C3%BCr-Hunde-in-Not-eV-229810557114420\/?fref=mentions\">Aktiv f\u00fcr Hunde in Not e.V.<\/a>\u00a0war wieder mit einer Tombola aktiv dabei. Als Publikumsmagent (nicht nur f\u00fcr die Kleinen) entwickelte sich die Mini-Truck Ausstellung des gleichnamigen Clubs aus Rosdorf. Der Himmel war den ganzen Tag mit kleinen und gro\u00dfen Drachen in bunter Vielfalt gef\u00fcllt. Das Wetter bot perfekte Bedingungen f\u00fcrs Drachensteigen. \u00a0Es war ein Kommen und Gehen. Viele flei\u00dfige Helferinnen sorgten hinter den St\u00e4nden f\u00fcr das leibliche Wohl der Besucher. Gegen 18:00 Uhr ging die Veranstaltung langsam zu Ende. Nach und nach leerte sich die Wiese hinter dem Gemeinschaftshaus. Die Veranstalter bedanken sich bei den vielen G\u00e4sten aus Nah und Fern und freuen sich auf ein Wiedersehen am 3. Oktober 2020 im Karl Hartje Ballpark Hevensen.<\/span><\/p>\n<p><a href=\"http:\/\/drachenfest-hevensen.de\/wp-content\/uploads\/2019\/10\/Bild02.jpg\" rel=\"lightbox[165]\"><img decoding=\"async\" loading=\"lazy\" class=\"aligncenter size-full wp-image-170\" src=\"http:\/\/drachenfest-hevensen.de\/wp-content\/uploads\/2019\/10\/Bild02.jpg\" alt=\"\" width=\"900\" height=\"600\" srcset=\"http:\/\/drachenfest-hevensen.de\/wp-content\/uploads\/2019\/10\/Bild02.jpg 900w, http:\/\/drachenfest-hevensen.de\/wp-content\/uploads\/2019\/10\/Bild02-300x200.jpg 300w, http:\/\/drachenfest-hevensen.de\/wp-content\/uploads\/2019\/10\/Bild02-768x512.jpg 768w\" sizes=\"(max-width: 900px) 100vw, 900px\" \/><\/a><\/p>\n<p><span style=\"font-family: verdana, geneva, sans-serif; font-size: 12pt;\">Abschlie\u00dfend sei nochmals erw\u00e4hnt, dass alle Leute hinter den Verzehrst\u00e4nden ehrenamtlich geholfen haben. Wenn es dann bei Bratwurst oder Pommes mal l\u00e4nger gedauert hat sollte man dies immer bedenken. Professionelle Anbieter k\u00f6nnen das eventuell schneller \u2013 aber auch ganz sicher zu h\u00f6heren Preisen. Wo wir gerade bei den Ehrenamtlichen sind: Die SPD Hevensen als Veranstalter bedankt sich bei allen, die unser Traditionsfest aktiv unterst\u00fctzt haben. Bedanken m\u00f6chten wir uns auch f\u00fcr die vielen leckeren Kuchen- und Tortenspenden. Es ist einfach toll, dass wir jedes Jahr in dieser Art und Weise unterst\u00fctzt werden. Danke an ALLE!<\/span><\/p>\n","protected":false},"excerpt":{"rendered":"<p>Zur Mittagszeit f\u00fcllte sich das Gel\u00e4nde hinter dem Gemeinschaftshaus und es waren viele Drachen am Himmel zu sehen. Auch wenn es diesmal weniger Gro\u00dfdrachen waren so war die Gesamtzahl doch beeindruckend. Es zeigte, dass vor allem Kinder mit ihren Drachen vertreten waren und diese entweder allein, oder mit den Eltern,<\/p>\n","protected":false},"author":1,"featured_media":0,"parent":0,"menu_order":0,"comment_status":"closed","ping_status":"closed","template":"","meta":[],"_links":{"self":[{"href":"http:\/\/drachenfest-hevensen.de\/index.php?rest_route=\/wp\/v2\/pages\/165"}],"collection":[{"href":"http:\/\/drachenfest-hevensen.de\/index.php?rest_route=\/wp\/v2\/pages"}],"about":[{"href":"http:\/\/drachenfest-hevensen.de\/index.php?rest_route=\/wp\/v2\/types\/page"}],"author":[{"embeddable":true,"href":"http:\/\/drachenfest-hevensen.de\/index.php?rest_route=\/wp\/v2\/users\/1"}],"replies":[{"embeddable":true,"href":"http:\/\/drachenfest-hevensen.de\/index.php?rest_route=%2Fwp%2Fv2%2Fcomments&post=165"}],"version-history":[{"count":3,"href":"http:\/\/drachenfest-hevensen.de\/index.php?rest_route=\/wp\/v2\/pages\/165\/revisions"}],"predecessor-version":[{"id":171,"href":"http:\/\/drachenfest-hevensen.de\/index.php?rest_route=\/wp\/v2\/pages\/165\/revisions\/171"}],"wp:attachment":[{"href":"http:\/\/drachenfest-hevensen.de\/index.php?rest_route=%2Fwp%2Fv2%2Fmedia&parent=165"}],"curies":[{"name":"wp","href":"https:\/\/api.w.org\/{rel}","templated":true}]}}