{"id":184,"date":"2022-10-01T17:43:49","date_gmt":"2022-10-01T17:43:49","guid":{"rendered":"http:\/\/drachenfest-hevensen.de\/?page_id=184"},"modified":"2022-10-01T17:43:49","modified_gmt":"2022-10-01T17:43:49","slug":"drachenfest-am-03-10","status":"publish","type":"page","link":"http:\/\/drachenfest-hevensen.de\/?page_id=184","title":{"rendered":"Drachenfest am 03.10."},"content":{"rendered":"<p><a href=\"http:\/\/drachenfest-hevensen.de\/wp-content\/uploads\/2015\/08\/df2015.jpg\" rel=\"lightbox[184]\"><img decoding=\"async\" loading=\"lazy\" class=\"alignleft wp-image-20 size-full\" src=\"http:\/\/drachenfest-hevensen.de\/wp-content\/uploads\/2015\/08\/df2015.jpg\" alt=\"\" width=\"900\" height=\"600\" srcset=\"http:\/\/drachenfest-hevensen.de\/wp-content\/uploads\/2015\/08\/df2015.jpg 900w, http:\/\/drachenfest-hevensen.de\/wp-content\/uploads\/2015\/08\/df2015-300x200.jpg 300w, http:\/\/drachenfest-hevensen.de\/wp-content\/uploads\/2015\/08\/df2015-624x416.jpg 624w\" sizes=\"(max-width: 900px) 100vw, 900px\" \/><\/a><\/p>\n<p><span style=\"font-family: verdana, geneva, sans-serif; font-size: 12pt;\">Ab 11:00 Uhr k\u00f6nnen auf dem etwa 14.000 qm gro\u00dfen Gel\u00e4nde hinter dem Dorfgemeinschaftshaus die Drachen bis zu einer genehmigten H\u00f6he von 300 Metern in die Luft gehen. Dabei spielt es keine Rolle, ob diese gro\u00df, klein, selbst gebastelt oder gekauft sind. Profis oder Anf\u00e4nger. Erlaubt ist was fliegt. Aktionen f\u00fcr Kinder laden zu viel Spa\u00df ein. Das Rahmenprogramm steht. Zugesagt hat das Rosdorfer Mini Truckteam. Im Gemeinschaftshaus wird wieder eine gro\u00dfe Ausstellung von Truck Miniaturen zu bestaunen sein. Weitere Mitwirkende: Der <strong>Reiterhof Korengel<\/strong> bietet wieder Ponyreiten an. Der <strong>Verein f\u00fcr Hunde in Not<\/strong> wird wieder mit einer Tombola und einem Cr\u00eapes-Stand vertreten sein. \u00a0Die<strong> Feuerwehr Hevensen<\/strong> stellt sich vor und m\u00f6chte f\u00fcr ihren Nachwuchs werben. F\u00fcr Kinder steht eine Spielecke bereit. Auch einige St\u00e4nde mit Handarbeiten sind vor Ort zu finden. M<strong>arzett Gem\u00fcse a<\/strong>us Gladebeck bietet K\u00fcrbisse und eine leckere K\u00fcrbissuppe an. Hunger und Durst kennt das Drachenfest nicht. Es gibt wieder Grillwurst, Pommes und k\u00fchle Getr\u00e4nke. Am Nachmittag wartet wieder ein Kuchenbuffet mit vielen selbstgebackenen Kuchen auf die G\u00e4ste. Aber vor allem soll der Tag viel Spa\u00df und Freude bereiten.<\/span><\/p>\n","protected":false},"excerpt":{"rendered":"<p>Ab 11:00 Uhr k\u00f6nnen auf dem etwa 14.000 qm gro\u00dfen Gel\u00e4nde hinter dem Dorfgemeinschaftshaus die Drachen bis zu einer genehmigten H\u00f6he von 300 Metern in die Luft gehen. Dabei spielt es keine Rolle, ob diese gro\u00df, klein, selbst gebastelt oder gekauft sind. Profis oder Anf\u00e4nger. Erlaubt ist was fliegt. Aktionen<\/p>\n","protected":false},"author":1,"featured_media":0,"parent":0,"menu_order":0,"comment_status":"closed","ping_status":"closed","template":"","meta":[],"_links":{"self":[{"href":"http:\/\/drachenfest-hevensen.de\/index.php?rest_route=\/wp\/v2\/pages\/184"}],"collection":[{"href":"http:\/\/drachenfest-hevensen.de\/index.php?rest_route=\/wp\/v2\/pages"}],"about":[{"href":"http:\/\/drachenfest-hevensen.de\/index.php?rest_route=\/wp\/v2\/types\/page"}],"author":[{"embeddable":true,"href":"http:\/\/drachenfest-hevensen.de\/index.php?rest_route=\/wp\/v2\/users\/1"}],"replies":[{"embeddable":true,"href":"http:\/\/drachenfest-hevensen.de\/index.php?rest_route=%2Fwp%2Fv2%2Fcomments&post=184"}],"version-history":[{"count":1,"href":"http:\/\/drachenfest-hevensen.de\/index.php?rest_route=\/wp\/v2\/pages\/184\/revisions"}],"predecessor-version":[{"id":185,"href":"http:\/\/drachenfest-hevensen.de\/index.php?rest_route=\/wp\/v2\/pages\/184\/revisions\/185"}],"wp:attachment":[{"href":"http:\/\/drachenfest-hevensen.de\/index.php?rest_route=%2Fwp%2Fv2%2Fmedia&parent=184"}],"curies":[{"name":"wp","href":"https:\/\/api.w.org\/{rel}","templated":true}]}}