{"id":2,"date":"2015-08-04T12:26:51","date_gmt":"2015-08-04T12:26:51","guid":{"rendered":"http:\/\/wp424m.a10-52-158-154.qa.plesk.ru\/wordpress\/?page_id=2"},"modified":"2022-10-09T09:21:56","modified_gmt":"2022-10-09T09:21:56","slug":"sample-page","status":"publish","type":"page","link":"https:\/\/drachenfest-hevensen.de\/","title":{"rendered":"Willkommen"},"content":{"rendered":"<p><span style=\"font-family: impact, sans-serif; font-size: 18pt;\">Besucherzahl so hoch wie lange nicht mehr!<\/span><\/p>\n<p><span style=\"font-family: verdana, geneva, sans-serif; font-size: 12pt;\">Der 3. Oktober fiel in diesem Jahr auf einen Montag. Das Wochenende zuvor lie\u00df f\u00fcr die Organisatoren wetterm\u00e4\u00dfig wenig Gutes erahnen. Der Himmel sparte nicht mit Regen. Als man dann am fr\u00fchen Morgen des 3. Oktober mit dem Aufbau begann war der Himmel noch bedeckt. Ab 10:00 Uhr kam die Sonne zum Vorschein und der Wind blies \u00fcber das Festgel\u00e4nde. <a href=\"http:\/\/drachenfest-hevensen.de\/?page_id=189\">Perfekt! Weiter lesen..<\/a><\/span><\/p>\n<p>&nbsp;<\/p>\n<p><span style=\"font-family: impact, sans-serif; font-size: 18pt;\">Nach zweij\u00e4hriger Pause: Drachenfest wieder am 03.10.<br \/>\n<\/span><span style=\"font-family: verdana, geneva, sans-serif; font-size: 12pt;\">Corona machte auch dem Drachenfest Hevensen einen Strich durch die Rechnung. Nachdem das Fest in den beiden letzten Jahren abgesagt werden musste, soll es in diesem Jahr wieder steigen, das beliebte Familienfest. Steigen sollen vor allem die Drachen der Kleinen und gro\u00dfen G\u00e4ste. Das ist das Hauptziel. <a href=\"http:\/\/drachenfest-hevensen.de\/?page_id=184\">Weiter lesen..<\/a><\/span><\/p>\n<hr \/>\n<p><span style=\"font-family: impact, sans-serif; font-size: 18pt;\">&#8222;Wettergl\u00fcck&#8220; &#8211; Drachenfest sehr gut besucht!<\/span><\/p>\n<p><span style=\"font-family: verdana, geneva, sans-serif; font-size: 12pt;\"><a href=\"http:\/\/drachenfest-hevensen.de\/wp-content\/uploads\/2019\/10\/Bild01.2.jpg\" rel=\"lightbox[2]\"><img decoding=\"async\" loading=\"lazy\" class=\"size-thumbnail wp-image-163 alignleft\" src=\"http:\/\/drachenfest-hevensen.de\/wp-content\/uploads\/2019\/10\/Bild01.2-150x150.jpg\" alt=\"\" width=\"150\" height=\"150\" \/><\/a>Schon der Vorabend des Drachenfestes lie\u00df f\u00fcr die Organisatoren wetterm\u00e4\u00dfig wenig Gutes erahnen. Als man dann am fr\u00fchen Morgen des 3. Oktober mit dem Aufbau begann gab es als erstes bange Blicke zum Himmel. Es regnete noch immer und alle rechneten eigentlich damit, dass das Fest diesmal ins Wasser fallen w\u00fcrde. Doch p\u00fcnktlich zum Festbeginn hatte sich der Regen verzogen. Geblieben war aber der Wind. Und tats\u00e4chlich: Es blieb den ganzen Tag \u00fcber trocken. Perfekt! <a href=\"http:\/\/drachenfest-hevensen.de\/?page_id=165\">Weiter lesen..<\/a><\/span><\/p>\n<hr \/>\n<p><span style=\"font-family: impact, sans-serif; font-size: 18pt;\">Seit 1989: Drachenfest ist Familienfest<\/span><\/p>\n<p><span style=\"font-family: verdana, geneva, sans-serif; font-size: 12pt;\">Im Jahr 1989 fand das erste Hevenser Drachenfest statt. &#8222;Es war eine dieser Schnapsideen, die wir damals hatten&#8220;, erinnert sich der damalige Schriftf\u00fchrer und heutige Vorsitzende der SPD Hevensen, Torsten Henne. Im Herbst 1989 sind die Hevenser Sozialdemokrat*innen mit einem Grill, Tische und B\u00e4nke und ein paar Kisten Kaltgetr\u00e4nke zum &#8222;Rischenau&#8220; (Feldmark zwischen Hevensen und Gladebeck) hinausgezogen, um das erste Hevenser Drachenfest aufzuziehen. <a href=\"http:\/\/drachenfest-hevensen.de\/?page_id=154\">Weiter lesen..\u00a0<\/a><\/span><\/p>\n<hr \/>\n<p><span style=\"font-family: impact, sans-serif; font-size: 18pt;\">Wir sagen &#8222;Danke&#8220;<\/span><\/p>\n<p><span style=\"font-family: verdana, geneva, sans-serif; font-size: 12pt;\"><a href=\"http:\/\/drachenfest-hevensen.de\/wp-content\/uploads\/2018\/10\/Fotos_Drachenfest.jpg\" rel=\"lightbox[2]\"><img decoding=\"async\" loading=\"lazy\" class=\"alignleft wp-image-138 size-thumbnail\" src=\"http:\/\/drachenfest-hevensen.de\/wp-content\/uploads\/2018\/10\/Fotos_Drachenfest-150x150.jpg\" alt=\"\" width=\"150\" height=\"150\" \/><\/a>Es war ein sch\u00f6nes Fest. Vor allem d\u00fcrfte es den vielen Kindern an diesem 3. Oktober viel Freude bereitet haben. Es ist lange her, dass so viele Besucher zum Hevenser Drachenfest kamen. So viele &#8222;Aktive&#8220; gab es lange nicht mehr. Bereits um 11.00 Uhr f\u00fcllte sich das Gel\u00e4nde. Zu dieser Zeit waren die vielen ehrenamtlichen Helferinnen und Helfer noch mit Aufbauarbeiten besch\u00e4ftigt. Schnell f\u00fcllte sich der Himmel mit kleinen und gro\u00dfen bunten Flugk\u00f6rpern, gesteuert von Klein und Gro\u00df. Das Wetter bot perfekte Bedingungen f\u00fcr dieses Fest. <a href=\"http:\/\/drachenfest-hevensen.de\/?page_id=135\">Weiter lesen..<\/a><\/span><\/p>\n<hr \/>\n<p><span style=\"font-family: impact, sans-serif; font-size: 18pt;\">Pressearchiv angelegt<\/span><\/p>\n<p><a href=\"http:\/\/drachenfest-hevensen.de\/wp-content\/uploads\/2015\/08\/2006-09-16_HNA.jpg\" rel=\"lightbox[2]\"><img decoding=\"async\" loading=\"lazy\" class=\"alignleft wp-image-87 size-thumbnail\" src=\"http:\/\/drachenfest-hevensen.de\/wp-content\/uploads\/2015\/08\/2006-09-16_HNA-150x150.jpg\" alt=\"\" width=\"150\" height=\"150\" \/><\/a><span style=\"font-family: verdana, geneva, sans-serif; font-size: 12pt;\">Auf der Suche nach Bildern vergangener Drachenfeste sind uns immer wieder Presseberichte auf dem Bildschirm erschienen. Dies nehmen wir mal zum Anlass, zumindest eine Auswahl an digitale Berichten ins Netz zu stellen. Berichte aus den 1990er Jahren haben wir auch. Diese m\u00fcssen erst mal rausgesucht und digitalisiert werden. Somit richten wir unseren R\u00fcckblick zuerst einmal auf die letzten 10 Jahre. <a href=\"http:\/\/drachenfest-hevensen.de\/?page_id=14\">Zum Pressearchiv..<\/a><\/span><\/p>\n<hr \/>\n<p><span style=\"font-family: impact, sans-serif; font-size: 18pt;\">2016: Gl\u00fcck mit dem Wetter &#8211; gl\u00fcckliche Kinder<\/span><\/p>\n<p><a href=\"http:\/\/drachenfest-hevensen.de\/wp-content\/uploads\/2015\/08\/foto01.jpg\" rel=\"lightbox[2]\"><img decoding=\"async\" loading=\"lazy\" class=\"size-medium wp-image-83 alignleft\" src=\"http:\/\/drachenfest-hevensen.de\/wp-content\/uploads\/2015\/08\/foto01-300x169.jpg\" alt=\"\" width=\"300\" height=\"169\" srcset=\"https:\/\/drachenfest-hevensen.de\/wp-content\/uploads\/2015\/08\/foto01-300x169.jpg 300w, https:\/\/drachenfest-hevensen.de\/wp-content\/uploads\/2015\/08\/foto01-768x432.jpg 768w, https:\/\/drachenfest-hevensen.de\/wp-content\/uploads\/2015\/08\/foto01-1024x576.jpg 1024w, https:\/\/drachenfest-hevensen.de\/wp-content\/uploads\/2015\/08\/foto01.jpg 1200w\" sizes=\"(max-width: 300px) 100vw, 300px\" \/><\/a><span style=\"font-family: verdana, geneva, sans-serif; font-size: 12pt;\">Am Ende war es doch wieder ein erfolgreiches Drachenfest. Als die Organisatoren von der\u00a0<a class=\"profileLink\" href=\"https:\/\/www.facebook.com\/SPDHevensen\/?fref=mentions\" data-hovercard=\"\/ajax\/hovercard\/page.php?id=110903152326006&amp;extragetparams=%7B%22fref%22%3A%22mentions%22%7D\" data-hovercard-prefer-more-content-show=\"1\">SPD Hevensen<\/a>\u00a0mit dem Aufbau begannen regnete es noch und alle rechneten damit, dass das Fest ins Wasser fallen w\u00fcrde. Erst gegen Mittag besserte sich das Wetter und es kam sogar Wind auf. Und tats\u00e4chlich es blieb den ganzen Tag \u00fcber trocken. Am Nachmittag f\u00fcllte sich das Gel\u00e4nde und es waren viele Drachen am Himmel zu sehen. Auch das Kinderangebot k<span class=\"text_exposed_show\">onnte wie geplant stattfinden. Hier mal ein gro\u00dfes Dankesch\u00f6n an die\u00a0<a class=\"profileLink\" href=\"https:\/\/www.facebook.com\/private.Kinderbetreuung.Tagesmutter\/?fref=mentions\" data-hovercard=\"\/ajax\/hovercard\/page.php?id=686043168163561&amp;extragetparams=%7B%22fref%22%3A%22mentions%22%7D\" data-hovercard-prefer-more-content-show=\"1\">Kindertagespflege Hevenser R\u00e4uberbande<\/a>\u00a0und an den\u00a0<a class=\"profileLink\" href=\"https:\/\/www.facebook.com\/ReithofKorengel\/?fref=mentions\" data-hovercard=\"\/ajax\/hovercard\/page.php?id=763403233718700&amp;extragetparams=%7B%22fref%22%3A%22mentions%22%7D\" data-hovercard-prefer-more-content-show=\"1\">Reithof Korengel<\/a>. Auch der Verein\u00a0<a class=\"profileLink\" href=\"https:\/\/www.facebook.com\/Aktiv-f%C3%BCr-Hunde-in-Not-eV-229810557114420\/?fref=mentions\" data-hovercard=\"\/ajax\/hovercard\/page.php?id=229810557114420&amp;extragetparams=%7B%22fref%22%3A%22mentions%22%7D\" data-hovercard-prefer-more-content-show=\"1\">Aktiv f\u00fcr Hunde in Not e.V.<\/a>\u00a0war wieder mit einer Tombola aktiv dabei.<\/span><\/span><\/p>\n<div class=\"text_exposed_show\">\n<p><span style=\"font-family: verdana, geneva, sans-serif; font-size: 12pt;\">Im Mittelpunkt standen aber die Drachen. Vor allem die Kinder hatten ihren Spa\u00df. Denn nach jahrelanger &#8222;Flaute&#8220; beim Hevenser Drachenfest stiegen diesmal die Drachen auf. Somit gab es auch weniger &#8222;genervte Pappis&#8220;\u00a0<span class=\"_47e3 _5mfr\" title=\"\u201esmile\u201c-Emoticon\"><img decoding=\"async\" loading=\"lazy\" class=\"img\" role=\"presentation\" src=\"https:\/\/www.facebook.com\/images\/emoji.php\/v9\/f4c\/1\/16\/1f642.png\" alt=\"\" width=\"16\" height=\"16\" \/><span class=\"_7oe\" aria-hidden=\"true\">\ud83d\ude42<\/span><\/span>\u00a0Bedanken m\u00f6chten wir uns auch bei den Kuchenspendern f\u00fcr die leckeren Kuchen und Torten. Danke auch an die Helferinnen und Helfer von der SPD Hettensen.<\/span><\/p>\n<\/div>\n<p><span style=\"font-family: impact, sans-serif; font-size: 18pt;\">26. Hevenser Drachenfest &#8211; ein ganz besonderer Familientag<\/span><\/p>\n<p><a href=\"http:\/\/drachenfest-hevensen.de\/wp-content\/uploads\/2015\/09\/20140418_150721.jpg\" rel=\"lightbox[2]\"><img decoding=\"async\" loading=\"lazy\" class=\" size-medium wp-image-35 alignleft\" src=\"http:\/\/drachenfest-hevensen.de\/wp-content\/uploads\/2015\/09\/20140418_150721-300x200.jpg\" alt=\"20140418_150721\" width=\"300\" height=\"200\" srcset=\"https:\/\/drachenfest-hevensen.de\/wp-content\/uploads\/2015\/09\/20140418_150721-300x200.jpg 300w, https:\/\/drachenfest-hevensen.de\/wp-content\/uploads\/2015\/09\/20140418_150721-624x416.jpg 624w, https:\/\/drachenfest-hevensen.de\/wp-content\/uploads\/2015\/09\/20140418_150721.jpg 900w\" sizes=\"(max-width: 300px) 100vw, 300px\" \/><\/a><span style=\"font-family: verdana, geneva, sans-serif; font-size: 12pt;\">Seit \u00fcber 25 Jahren organisieren die Genossinnen und Genossen vom \u00f6rtlichen SPD Ortsverein gemeinsam mit vielen Helferinnen und Helfern das Hevenser Drachenfest. \u00c4nderte sich im Lauf der Zeit auch die Lokalit\u00e4t und gingen die Besucherzahlen rauf und runter, so zeigt sich doch, dass das Hevenser Drachenfest sich weiterhin seiner Beliebtheit erfreut.<span class=\"text_exposed_show\"> Zum Jubil\u00e4umsfest im vergangenen Jahr pilgerten wieder weit \u00fcber 1000 Menschen auf das Flugfeld hinter dem Dorfgemeinschaftshaus. <a href=\"http:\/\/drachenfest-hevensen.de\/?page_id=38\">Bericht lesen..<\/a><\/span><\/span><\/p>\n","protected":false},"excerpt":{"rendered":"<p>Besucherzahl so hoch wie lange nicht mehr! Der 3. Oktober fiel in diesem Jahr auf einen Montag. Das Wochenende zuvor lie\u00df f\u00fcr die Organisatoren wetterm\u00e4\u00dfig wenig Gutes erahnen. Der Himmel sparte nicht mit Regen. Als man dann am fr\u00fchen Morgen des 3. Oktober mit dem Aufbau begann war der Himmel<\/p>\n","protected":false},"author":1,"featured_media":0,"parent":0,"menu_order":0,"comment_status":"closed","ping_status":"closed","template":"","meta":[],"_links":{"self":[{"href":"https:\/\/drachenfest-hevensen.de\/index.php?rest_route=\/wp\/v2\/pages\/2"}],"collection":[{"href":"https:\/\/drachenfest-hevensen.de\/index.php?rest_route=\/wp\/v2\/pages"}],"about":[{"href":"https:\/\/drachenfest-hevensen.de\/index.php?rest_route=\/wp\/v2\/types\/page"}],"author":[{"embeddable":true,"href":"https:\/\/drachenfest-hevensen.de\/index.php?rest_route=\/wp\/v2\/users\/1"}],"replies":[{"embeddable":true,"href":"https:\/\/drachenfest-hevensen.de\/index.php?rest_route=%2Fwp%2Fv2%2Fcomments&post=2"}],"version-history":[{"count":38,"href":"https:\/\/drachenfest-hevensen.de\/index.php?rest_route=\/wp\/v2\/pages\/2\/revisions"}],"predecessor-version":[{"id":199,"href":"https:\/\/drachenfest-hevensen.de\/index.php?rest_route=\/wp\/v2\/pages\/2\/revisions\/199"}],"wp:attachment":[{"href":"https:\/\/drachenfest-hevensen.de\/index.php?rest_route=%2Fwp%2Fv2%2Fmedia&parent=2"}],"curies":[{"name":"wp","href":"https:\/\/api.w.org\/{rel}","templated":true}]}}